{"id":935,"date":"2025-09-20T16:29:24","date_gmt":"2025-09-20T14:29:24","guid":{"rendered":"https:\/\/inrevel.com\/unisex-hoodie-escaping-the-reality-light\/"},"modified":"2025-09-20T16:30:10","modified_gmt":"2025-09-20T14:30:10","slug":"unisex-hoodie-escaping-the-reality-light","status":"publish","type":"product","link":"https:\/\/inrevel.com\/de\/unisex-hoodie-escaping-the-reality-light\/","title":{"rendered":"Unisex Hoodie Escaping The Reality (Light)"},"content":{"rendered":"<p>Who knew that the softest hoodie you&#8217;ll ever own comes with such a cool design. You won&#8217;t regret buying this classic streetwear piece of apparel with a convenient pouch pocket and warm hood for chilly evenings.<\/p>\n<p>\u2022 100% cotton face<br \/>\n\u2022 65% ring-spun cotton, 35% polyester<br \/>\n\u2022 Front pouch pocket<br \/>\n\u2022 Self-fabric patch on the back<br \/>\n\u2022 Matching flat drawstrings<br \/>\n\u2022 3-panel hood<br \/>\n\u2022 Blank product sourced from Pakistan<\/p>\n<p>Disclaimer: This hoodie runs small. For the perfect fit, we recommend ordering one size larger than your usual size.<\/p>\n<p>Dieses Produkt wird speziell f\u00fcr dich hergestellt, sobald du eine Bestellung aufgibst. Daher dauert die Lieferung etwas l\u00e4nger. Die Produktion auf Anfrage statt in Massen hilft, \u00dcberproduktion zu reduzieren \u2013 vielen Dank, dass du dich f\u00fcr einen nachhaltigen Kauf entscheidest!<\/p>\n<p>Altersbeschr\u00e4nkung: Nur f\u00fcr Erwachsene<br \/>\nEU-Garantie: 2 Jahre<br \/>\nOther compliance information: Meets the flammability, lead, cadmium, bisphenols and phthalates level requirements.<\/p>\n<p>Im Einklang mit der EU-Verordnung \u00fcber die allgemeine Produktsicherheit (GPSR) stellen <b>Oak inc.<\/b> und <b>SINDEN VENTURES LIMITED<\/b> sicher, dass alle angebotenen Verbraucherprodukte sicher sind und den EU-Standards entsprechen. Bei Fragen oder Anliegen zur Produktsicherheit wenden Sie sich bitte an unseren EU-Vertreter: <b>gpsr@sindenventures.com<\/b>. Sie k\u00f6nnen uns auch schreiben an: <b>123 Main Street, Anytown, Country<\/b> oder<b> Markou Evgenikou 11, Mesa Geitonia, 4002, Limassol, Cyprus.<b \/><\/p>","protected":false},"excerpt":{"rendered":"<p>Who knew that the softest hoodie you&#8217;ll ever own comes with such a cool design. You won&#8217;t regret buying this classic streetwear piece of apparel with a convenient pouch pocket and warm hood for chilly evenings. \u2022 100% cotton face \u2022 65% ring-spun cotton, 35% polyester \u2022 Front pouch pocket \u2022 Self-fabric patch on the [&hellip;]<\/p>","protected":false},"featured_media":956,"comment_status":"open","ping_status":"closed","template":"","meta":[],"product_brand":[],"product_cat":[62,60,45,52],"product_tag":[],"class_list":{"0":"post-935","1":"product","2":"type-product","3":"status-publish","4":"has-post-thumbnail","6":"product_cat-mens-accecories","7":"product_cat-mens-pullover-hoodies","8":"product_cat-womens-clothing","9":"product_cat-womens-pullover-hoodies","11":"first","12":"instock","13":"shipping-taxable","14":"purchasable","15":"product-type-variable"},"_links":{"self":[{"href":"https:\/\/inrevel.com\/de\/wp-json\/wp\/v2\/product\/935","targetHints":{"allow":["GET"]}}],"collection":[{"href":"https:\/\/inrevel.com\/de\/wp-json\/wp\/v2\/product"}],"about":[{"href":"https:\/\/inrevel.com\/de\/wp-json\/wp\/v2\/types\/product"}],"replies":[{"embeddable":true,"href":"https:\/\/inrevel.com\/de\/wp-json\/wp\/v2\/comments?post=935"}],"wp:featuredmedia":[{"embeddable":true,"href":"https:\/\/inrevel.com\/de\/wp-json\/wp\/v2\/media\/956"}],"wp:attachment":[{"href":"https:\/\/inrevel.com\/de\/wp-json\/wp\/v2\/media?parent=935"}],"wp:term":[{"taxonomy":"product_brand","embeddable":true,"href":"https:\/\/inrevel.com\/de\/wp-json\/wp\/v2\/product_brand?post=935"},{"taxonomy":"product_cat","embeddable":true,"href":"https:\/\/inrevel.com\/de\/wp-json\/wp\/v2\/product_cat?post=935"},{"taxonomy":"product_tag","embeddable":true,"href":"https:\/\/inrevel.com\/de\/wp-json\/wp\/v2\/product_tag?post=935"}],"curies":[{"name":"wp","href":"https:\/\/api.w.org\/{rel}","templated":true}]}}