{"id":772,"date":"2025-09-14T17:04:24","date_gmt":"2025-09-14T15:04:24","guid":{"rendered":"https:\/\/inrevel.com\/snapback-hat-cyberpunk-inrevel\/"},"modified":"2025-09-16T15:36:25","modified_gmt":"2025-09-16T13:36:25","slug":"snapback-hat-cyberpunk-inrevel","status":"publish","type":"product","link":"https:\/\/inrevel.com\/de\/snapback-hat-cyberpunk-inrevel\/","title":{"rendered":"Snapback-Cap Cyberpunk Inrevel"},"content":{"rendered":"<p>Diese Cap ist strukturiert mit klassischer Passform, flachem Schirm und vollst\u00e4ndigem Buckram. Durch den verstellbaren Snap-Verschluss ist sie bequem und passt den meisten Kopfgr\u00f6\u00dfen.<\/p>\n<p>\u2022 80 % Polyacryl, 20 % Wolle<br \/>\n\u2022 Variante Green Camo: 60 % Baumwolle, 40 % Polyester<br \/>\n\u2022 Strukturiert, 6-Panel, High-Profile<br \/>\n\u2022 6 gestickte \u00d6sen<br \/>\n\u2022 Plastik-Snap-Verschluss<br \/>\n\u2022 Gr\u00fcner Unterschirm<br \/>\n\u2022 Kopfumfang: 54,9 cm \u2013 60 cm (21\u215d\u2033\u201323\u215d\u2033)<br \/>\n\u2022 Rohprodukt aus Vietnam oder Bangladesch<\/p>\n<p>Altersbeschr\u00e4nkung: Nur f\u00fcr Erwachsene<br \/>\nEU-Garantie: 2 Jahre<br \/>\nWeitere Konformit\u00e4tsinformationen: Entspricht den Grenzwerten f\u00fcr Blei, Bisphenole und Phthalate.<\/p>\n<p>Im Einklang mit der EU-Verordnung \u00fcber die allgemeine Produktsicherheit (GPSR) stellen <b>Oak inc.<\/b> und <b>SINDEN VENTURES LIMITED<\/b> sicher, dass alle angebotenen Verbraucherprodukte sicher sind und den EU-Standards entsprechen. Bei Fragen oder Anliegen zur Produktsicherheit wenden Sie sich bitte an unseren EU-Vertreter: <b>gpsr@sindenventures.com<\/b>. Sie k\u00f6nnen uns auch schreiben an: <b>123 Main Street, Anytown, Country<\/b> oder<b> Markou Evgenikou 11, Mesa Geitonia, 4002, Limassol, Cyprus.<b><\/b><\/b><\/p>","protected":false},"excerpt":{"rendered":"<p>This hat is structured with a classic fit, flat brim, and full buckram. The adjustable snap closure makes it a comfortable, one-size-fits-most hat. \u2022 80% acrylic, 20% wool \u2022 Green Camo is 60% cotton, 40% polyester \u2022 Structured, 6-panel, high-profile \u2022 6 embroidered eyelets \u2022 Plastic snap closure \u2022 Green undervisor \u2022 Head circumference: 21\u215d\u2033\u201323\u215d\u2033 [&hellip;]<\/p>","protected":false},"featured_media":777,"comment_status":"open","ping_status":"closed","template":"","meta":[],"product_brand":[],"product_cat":[46,111,112,45,113,114],"product_tag":[],"class_list":{"0":"post-772","1":"product","2":"type-product","3":"status-publish","4":"has-post-thumbnail","6":"product_cat-mens-clothing","7":"product_cat-mens-hats","8":"product_cat-mens-snapbacks","9":"product_cat-womens-clothing","10":"product_cat-womens-hats","11":"product_cat-womens-snapbacks","13":"first","14":"instock","15":"shipping-taxable","16":"purchasable","17":"product-type-variable"},"_links":{"self":[{"href":"https:\/\/inrevel.com\/de\/wp-json\/wp\/v2\/product\/772","targetHints":{"allow":["GET"]}}],"collection":[{"href":"https:\/\/inrevel.com\/de\/wp-json\/wp\/v2\/product"}],"about":[{"href":"https:\/\/inrevel.com\/de\/wp-json\/wp\/v2\/types\/product"}],"replies":[{"embeddable":true,"href":"https:\/\/inrevel.com\/de\/wp-json\/wp\/v2\/comments?post=772"}],"wp:featuredmedia":[{"embeddable":true,"href":"https:\/\/inrevel.com\/de\/wp-json\/wp\/v2\/media\/777"}],"wp:attachment":[{"href":"https:\/\/inrevel.com\/de\/wp-json\/wp\/v2\/media?parent=772"}],"wp:term":[{"taxonomy":"product_brand","embeddable":true,"href":"https:\/\/inrevel.com\/de\/wp-json\/wp\/v2\/product_brand?post=772"},{"taxonomy":"product_cat","embeddable":true,"href":"https:\/\/inrevel.com\/de\/wp-json\/wp\/v2\/product_cat?post=772"},{"taxonomy":"product_tag","embeddable":true,"href":"https:\/\/inrevel.com\/de\/wp-json\/wp\/v2\/product_tag?post=772"}],"curies":[{"name":"wp","href":"https:\/\/api.w.org\/{rel}","templated":true}]}}