{"id":758,"date":"2025-09-14T16:35:13","date_gmt":"2025-09-14T14:35:13","guid":{"rendered":"https:\/\/inrevel.com\/fanny-pack-cyberpunk-futuristic-city\/"},"modified":"2025-09-18T14:15:06","modified_gmt":"2025-09-18T12:15:06","slug":"fanny-pack-cyberpunk-futuristic-city","status":"publish","type":"product","link":"https:\/\/inrevel.com\/de\/fanny-pack-cyberpunk-futuristic-city\/","title":{"rendered":"Bauchtasche Cyberpunk Futuristic City"},"content":{"rendered":"<p>Die Bauchtasche ist das ultimative Accessoire f\u00fcr alle, die viel unterwegs sind. Dieses Modell hat alles \u2013 die perfekte Gr\u00f6\u00dfe, eine kleine Innentasche und verstellbare Riemen \u2013 und wird garantiert zu deinem Lieblings-Item, egal ob auf Festivals, im Urlaub oder einfach, wenn du die H\u00e4nde frei haben m\u00f6chtest.<\/p>\n<p>\u2022 Material: 100 % Polyester<br \/>\n\u2022 Stoffgewicht: 305 g\/m\u00b2 (9 oz.\/yd\u00b2)<br \/>\n\u2022 Ma\u00dfe: H 16 cm \u00d7 B 33 cm \u00d7 T 7 cm<br \/>\n\u2022 Fassungsverm\u00f6gen: 1,4 l (0,37 Gallonen)<br \/>\n\u2022 Wasserabweisendes Material<br \/>\n\u2022 Oberer Rei\u00dfverschluss mit 2 Schiebern<br \/>\n\u2022 Kleine, anpassbare Innentasche ohne Rei\u00dfverschluss<br \/>\n\u2022 Seidiges Innenfutter, eingefasste N\u00e4hte<br \/>\n\u2022 2,54 cm (1\u00bc\u2033) breite, verstellbare Riemen mit Kunststoffreglern<br \/>\n\u2022 Rohproduktbestandteile aus China<\/p>\n<p>Altersbeschr\u00e4nkung: Nur f\u00fcr Erwachsene<br \/>\nEU-Garantie: 2 Jahre<br \/>\nWeitere Konformit\u00e4tsinformationen: Entspricht den Anforderungen an Entflammbarkeit sowie den Grenzwerten f\u00fcr Blei, Cadmium, Bisphenole und Phthalate.<\/p>\n<p>Im Einklang mit der EU-Verordnung \u00fcber die allgemeine Produktsicherheit (GPSR) stellen <b>Oak inc.<\/b> und <b>SINDEN VENTURES LIMITED<\/b> sicher, dass alle angebotenen Verbraucherprodukte sicher sind und den EU-Standards entsprechen. Bei Fragen oder Anliegen zur Produktsicherheit wenden Sie sich bitte an unseren EU-Vertreter: <b>gpsr@sindenventures.com<\/b>. Sie k\u00f6nnen uns auch schreiben an: <b>123 Main Street, Anytown, Country<\/b> oder<b> Markou Evgenikou 11, Mesa Geitonia, 4002, Limassol, Cyprus.<b \/><\/p>","protected":false},"excerpt":{"rendered":"<p>Fanny pack is the ultimate accessory for people on the go. And this waist bag has everything\u2014the right size, a small inside pocket, and adjustable straps\u2014to become your favorite fashion item if you&#8217;re going to a festival, getting ready for a vacation, or just like to keep your hands free. \u2022 100% polyester \u2022 Fabric [&hellip;]<\/p>","protected":false},"featured_media":762,"comment_status":"open","ping_status":"closed","template":"","meta":[],"product_brand":[],"product_cat":[85,46,89,87,45,90],"product_tag":[],"class_list":{"0":"post-758","1":"product","2":"type-product","3":"status-publish","4":"has-post-thumbnail","6":"product_cat-mens-bags","7":"product_cat-mens-clothing","8":"product_cat-mens-fanny-packs","9":"product_cat-womens-bags","10":"product_cat-womens-clothing","11":"product_cat-womens-fanny-packs","13":"first","14":"instock","15":"shipping-taxable","16":"purchasable","17":"product-type-variable"},"_links":{"self":[{"href":"https:\/\/inrevel.com\/de\/wp-json\/wp\/v2\/product\/758","targetHints":{"allow":["GET"]}}],"collection":[{"href":"https:\/\/inrevel.com\/de\/wp-json\/wp\/v2\/product"}],"about":[{"href":"https:\/\/inrevel.com\/de\/wp-json\/wp\/v2\/types\/product"}],"replies":[{"embeddable":true,"href":"https:\/\/inrevel.com\/de\/wp-json\/wp\/v2\/comments?post=758"}],"wp:featuredmedia":[{"embeddable":true,"href":"https:\/\/inrevel.com\/de\/wp-json\/wp\/v2\/media\/762"}],"wp:attachment":[{"href":"https:\/\/inrevel.com\/de\/wp-json\/wp\/v2\/media?parent=758"}],"wp:term":[{"taxonomy":"product_brand","embeddable":true,"href":"https:\/\/inrevel.com\/de\/wp-json\/wp\/v2\/product_brand?post=758"},{"taxonomy":"product_cat","embeddable":true,"href":"https:\/\/inrevel.com\/de\/wp-json\/wp\/v2\/product_cat?post=758"},{"taxonomy":"product_tag","embeddable":true,"href":"https:\/\/inrevel.com\/de\/wp-json\/wp\/v2\/product_tag?post=758"}],"curies":[{"name":"wp","href":"https:\/\/api.w.org\/{rel}","templated":true}]}}