{"id":540,"date":"2025-09-11T23:13:48","date_gmt":"2025-09-11T21:13:48","guid":{"rendered":"https:\/\/inrevel.com\/backpack-cyberpunk-futuristic-city\/"},"modified":"2025-09-11T23:14:07","modified_gmt":"2025-09-11T21:14:07","slug":"backpack-cyberpunk-futuristic-city","status":"publish","type":"product","link":"https:\/\/inrevel.com\/de\/backpack-cyberpunk-futuristic-city\/","title":{"rendered":"Rucksack Cyberpunk Futuristic City"},"content":{"rendered":"<p>Dieser mittelgro\u00dfe Rucksack ist genau das Richtige f\u00fcr den t\u00e4glichen Gebrauch oder sportliche Aktivit\u00e4ten! Die Taschen (einschlie\u00dflich eines Laptopfachs) bieten viel Platz f\u00fcr alles, was Sie brauchen, w\u00e4hrend das wasserabweisende Material Ihre Sachen zuverl\u00e4ssig vor dem Wetter sch\u00fctzt. <\/p>\n<p>\u2022 Material: 100 % Polyester<br \/>\n\u2022 Ma\u00dfe: H 41 cm, B 31 cm, T 10 cm<br \/>\n\u2022 Stoffgewicht: 305 g\/m\u00b2 (9 oz.\/yd\u00b2)<br \/>\n\u2022 Maximale Belastung: 20 kg (44 lbs)<br \/>\n\u2022 Wasserabweisendes Material<br \/>\n\u2022 Gro\u00dfes Innenfach mit separatem Fach f\u00fcr einen 15\"-Laptop, Fronttasche mit Rei\u00dfverschluss und versteckte Tasche mit Rei\u00dfverschluss auf der R\u00fcckseite<br \/>\n\u2022 Oberer Rei\u00dfverschluss mit 2 Schiebern und Zipper-Pullern<br \/>\n\u2022 Seidiges Innenfutter, eingefasste N\u00e4hte und weiches Mesh-R\u00fcckenpanel<br \/>\n\u2022 Gepolsterte, ergonomische Polyester-Schulterriemen mit Kunststoffreglern<br \/>\n\u2022 Rohproduktbestandteile aus China<\/p>\n<p>Altersbeschr\u00e4nkung: F\u00fcr Erwachsene und Kinder<br \/>\nEU-Garantie: 2 Jahre<br \/>\nWeitere Konformit\u00e4tsinformationen: Entspricht den Anforderungen an Entflammbarkeit sowie den Grenzwerten f\u00fcr Blei, Phthalate, Cadmium und Bisphenole.<\/p>\n<p>Im Einklang mit der EU-Verordnung \u00fcber die allgemeine Produktsicherheit (GPSR) stellen <b>Oak inc.<\/b> und <b>SINDEN VENTURES LIMITED<\/b> sicher, dass alle angebotenen Verbraucherprodukte sicher sind und den EU-Standards entsprechen. Bei Fragen oder Anliegen zur Produktsicherheit wenden Sie sich bitte an unseren EU-Vertreter: <b>gpsr@sindenventures.com<\/b>. Sie k\u00f6nnen uns auch schreiben an: <b>123 Main Street, Anytown, Country<\/b> oder<b> Markou Evgenikou 11, Mesa Geitonia, 4002, Limassol, Cyprus.<b \/><\/p>","protected":false},"excerpt":{"rendered":"<p>This medium size backpack is just what you need for daily use or sports activities! The pockets (including one for your laptop) give plenty of room for all your necessities, while the water-resistant material will protect them from the weather. \u2022 Made from 100% polyester \u2022 Dimensions: H 16\u215b&#8221; (41cm), W 12\u00bc&#8221; (31cm), D 3\u215e&#8221; [&hellip;]<\/p>","protected":false},"featured_media":541,"comment_status":"open","ping_status":"closed","template":"","meta":[],"product_brand":[],"product_cat":[86,85,46,88,87,45],"product_tag":[],"class_list":{"0":"post-540","1":"product","2":"type-product","3":"status-publish","4":"has-post-thumbnail","6":"product_cat-mens-backpacks","7":"product_cat-mens-bags","8":"product_cat-mens-clothing","9":"product_cat-womens-backpacks","10":"product_cat-womens-bags","11":"product_cat-womens-clothing","13":"first","14":"instock","15":"shipping-taxable","16":"purchasable","17":"product-type-simple"},"_links":{"self":[{"href":"https:\/\/inrevel.com\/de\/wp-json\/wp\/v2\/product\/540","targetHints":{"allow":["GET"]}}],"collection":[{"href":"https:\/\/inrevel.com\/de\/wp-json\/wp\/v2\/product"}],"about":[{"href":"https:\/\/inrevel.com\/de\/wp-json\/wp\/v2\/types\/product"}],"replies":[{"embeddable":true,"href":"https:\/\/inrevel.com\/de\/wp-json\/wp\/v2\/comments?post=540"}],"wp:featuredmedia":[{"embeddable":true,"href":"https:\/\/inrevel.com\/de\/wp-json\/wp\/v2\/media\/541"}],"wp:attachment":[{"href":"https:\/\/inrevel.com\/de\/wp-json\/wp\/v2\/media?parent=540"}],"wp:term":[{"taxonomy":"product_brand","embeddable":true,"href":"https:\/\/inrevel.com\/de\/wp-json\/wp\/v2\/product_brand?post=540"},{"taxonomy":"product_cat","embeddable":true,"href":"https:\/\/inrevel.com\/de\/wp-json\/wp\/v2\/product_cat?post=540"},{"taxonomy":"product_tag","embeddable":true,"href":"https:\/\/inrevel.com\/de\/wp-json\/wp\/v2\/product_tag?post=540"}],"curies":[{"name":"wp","href":"https:\/\/api.w.org\/{rel}","templated":true}]}}