{"id":2614,"date":"2026-05-09T23:32:37","date_gmt":"2026-05-09T21:32:37","guid":{"rendered":"https:\/\/inrevel.com\/fanny-pack-shine-trough-the-chaos\/"},"modified":"2026-05-09T23:32:53","modified_gmt":"2026-05-09T21:32:53","slug":"fanny-pack-shine-trough-the-chaos","status":"publish","type":"product","link":"https:\/\/inrevel.com\/de\/fanny-pack-shine-trough-the-chaos\/","title":{"rendered":"Fanny Pack Shine Trough The Chaos"},"content":{"rendered":"<p>Die Bauchtasche ist das ultimative Accessoire f\u00fcr alle, die viel unterwegs sind. Dieses Modell hat alles \u2013 die perfekte Gr\u00f6\u00dfe, eine kleine Innentasche und verstellbare Riemen \u2013 und wird garantiert zu deinem Lieblings-Item, egal ob auf Festivals, im Urlaub oder einfach, wenn du die H\u00e4nde frei haben m\u00f6chtest.<\/p>\n<p>\u2022 Material: 100 % Polyester<br \/>\n\u2022 Stoffgewicht: 305 g\/m\u00b2 (9 oz.\/yd\u00b2)<br \/>\n\u2022 Ma\u00dfe: H 16 cm \u00d7 B 33 cm \u00d7 T 7 cm<br \/>\n\u2022 Fassungsverm\u00f6gen: 1,4 l (0,37 Gallonen)<br \/>\n\u2022 Wasserabweisendes Material<br \/>\n\u2022 Oberer Rei\u00dfverschluss mit 2 Schiebern<br \/>\n\u2022 Kleine, anpassbare Innentasche ohne Rei\u00dfverschluss<br \/>\n\u2022 Seidiges Innenfutter, eingefasste N\u00e4hte<br \/>\n\u2022 2,54 cm (1\u00bc\u2033) breite, verstellbare Riemen mit Kunststoffreglern<br \/>\n\u2022 Rohproduktbestandteile aus China<\/p>\n<p>\u2022 Traceability: <br \/>\n&#8211; Weaving\u2014China<br \/>\n&#8211; Dyeing\u2014China<br \/>\n&#8211; Manufacturing\u2014Latvia or Mexico<br \/>\n\u2022 Contains 0% recycled polyester<br \/>\n\u2022 Contains 0% dangerous substances<br \/>\n\u2022 This item releases plastic microfibers into the environment during washing<\/p>\n<p>Altersbeschr\u00e4nkung: Nur f\u00fcr Erwachsene<br \/>\nEU-Garantie: 2 Jahre<br \/>\nWeitere Konformit\u00e4tsinformationen: Entspricht den Anforderungen an Entflammbarkeit sowie den Grenzwerten f\u00fcr Blei, Cadmium, Bisphenole und Phthalate.<\/p>\n<p>Im Einklang mit der EU-Verordnung \u00fcber die allgemeine Produktsicherheit (GPSR) stellen <b>Oak inc.<\/b> ensures that all consumer products offered are safe and meet EU standards. For any product safety related inquiries or concerns, please contact us at <b>alex.oak@company.com<\/b> or write to us <b>123 Main Street, Anytown, Country.<b \/><\/p>","protected":false},"excerpt":{"rendered":"<p>Fanny pack is the ultimate accessory for people on the go. And this waist bag has everything\u2014the right size, a small inside pocket, and adjustable straps\u2014to become your favorite fashion item if you&#8217;re going to a festival, getting ready for a vacation, or just like to keep your hands free. \u2022 100% polyester \u2022 Fabric [&hellip;]<\/p>","protected":false},"featured_media":2618,"comment_status":"open","ping_status":"closed","template":"","meta":[],"product_brand":[],"product_cat":[85,46,89,87,45,90],"product_tag":[],"class_list":{"0":"post-2614","1":"product","2":"type-product","3":"status-publish","4":"has-post-thumbnail","6":"product_cat-mens-bags","7":"product_cat-mens-clothing","8":"product_cat-mens-fanny-packs","9":"product_cat-womens-bags","10":"product_cat-womens-clothing","11":"product_cat-womens-fanny-packs","13":"first","14":"instock","15":"shipping-taxable","16":"purchasable","17":"product-type-variable"},"_links":{"self":[{"href":"https:\/\/inrevel.com\/de\/wp-json\/wp\/v2\/product\/2614","targetHints":{"allow":["GET"]}}],"collection":[{"href":"https:\/\/inrevel.com\/de\/wp-json\/wp\/v2\/product"}],"about":[{"href":"https:\/\/inrevel.com\/de\/wp-json\/wp\/v2\/types\/product"}],"replies":[{"embeddable":true,"href":"https:\/\/inrevel.com\/de\/wp-json\/wp\/v2\/comments?post=2614"}],"wp:featuredmedia":[{"embeddable":true,"href":"https:\/\/inrevel.com\/de\/wp-json\/wp\/v2\/media\/2618"}],"wp:attachment":[{"href":"https:\/\/inrevel.com\/de\/wp-json\/wp\/v2\/media?parent=2614"}],"wp:term":[{"taxonomy":"product_brand","embeddable":true,"href":"https:\/\/inrevel.com\/de\/wp-json\/wp\/v2\/product_brand?post=2614"},{"taxonomy":"product_cat","embeddable":true,"href":"https:\/\/inrevel.com\/de\/wp-json\/wp\/v2\/product_cat?post=2614"},{"taxonomy":"product_tag","embeddable":true,"href":"https:\/\/inrevel.com\/de\/wp-json\/wp\/v2\/product_tag?post=2614"}],"curies":[{"name":"wp","href":"https:\/\/api.w.org\/{rel}","templated":true}]}}