{"id":2117,"date":"2026-04-11T16:02:00","date_gmt":"2026-04-11T14:02:00","guid":{"rendered":"https:\/\/inrevel.com\/unisex-t-shirt-2\/"},"modified":"2026-04-14T11:55:50","modified_gmt":"2026-04-14T09:55:50","slug":"unisex-t-shirt-2","status":"publish","type":"product","link":"https:\/\/inrevel.com\/de\/unisex-t-shirt-2\/","title":{"rendered":"Unisex t-shirt"},"content":{"rendered":"<p>Dieses T-Shirt ist alles, wovon du getr\u00e4umt hast \u2013 und noch mehr. Es f\u00fchlt sich weich und leicht an, mit genau dem richtigen Ma\u00df an Elastizit\u00e4t. Bequem, schmeichelhaft und f\u00fcr alle geeignet. <\/p>\n<p>\u2022 100 % gek\u00e4mmte und ringgesponnene Baumwolle (Heather-Farben enthalten Polyester)<br \/>\n\u2022 Stoffgewicht: 142 g\/m\u00b2 (4.2 oz.\/yd\u00b2)<br \/>\n\u2022 Vorgewaschener Stoff (pre-shrunk)<br \/>\n\u2022 Seitenn\u00e4hte<br \/>\n\u2022 Schulter-zu-Schulter-Taping<br \/>\n\u2022 Rohprodukt aus Nicaragua, Mexiko, Honduras oder den USA<\/p>\n<p>Disclaimer: The fabric is slightly sheer and may appear see-through, especially in lighter colors or under certain lighting conditions.<\/p>\n<p>\u2022 Traceability:<br \/>\n&#8211; Weaving\u2014India, South Korea<br \/>\n&#8211; Dyeing\u2014El Salvador, California<br \/>\n&#8211; Manufacturing\u2014Nicaragua, Mexico, Honduras, or the US<br \/>\n\u2022 Contains 0% recycled polyester<br \/>\n\u2022 Contains 0% dangerous substances<\/p>\n<p>Altersbeschr\u00e4nkung: Nur f\u00fcr Erwachsene<br \/>\nEU-Garantie: 2 Jahre<\/p>\n<p>Im Einklang mit der EU-Verordnung \u00fcber die allgemeine Produktsicherheit (GPSR) stellen <b>Oak inc.<\/b> ensures that all consumer products offered are safe and meet EU standards. For any product safety related inquiries or concerns, please contact us at <b>alex.oak@company.com<\/b> or write to us <b>123 Main Street, Anytown, Country.<b \/><\/p>","protected":false},"excerpt":{"rendered":"<p>This t-shirt is everything you&#8217;ve dreamed of and more. It feels soft and lightweight, with the right amount of stretch. It&#8217;s comfortable and flattering for all. \u2022 100% combed and ring-spun cotton (Heather colors contain polyester) \u2022 Fabric weight: 4.2 oz.\/yd.\u00b2 (142 g\/m\u00b2) \u2022 Pre-shrunk fabric \u2022 Side-seamed construction \u2022 Shoulder-to-shoulder taping \u2022 Blank product [&hellip;]<\/p>","protected":false},"featured_media":2120,"comment_status":"open","ping_status":"closed","template":"","meta":[],"product_brand":[],"product_cat":[94,46,55,93,45,47],"product_tag":[],"class_list":{"0":"post-2117","1":"product","2":"type-product","3":"status-publish","4":"has-post-thumbnail","6":"product_cat-mens-classic-t-shirts","7":"product_cat-mens-clothing","8":"product_cat-mens-t-shirts","9":"product_cat-womens-classic-t-shirts","10":"product_cat-womens-clothing","11":"product_cat-womens-t-shirts","13":"first","14":"instock","15":"shipping-taxable","16":"purchasable","17":"product-type-simple"},"_links":{"self":[{"href":"https:\/\/inrevel.com\/de\/wp-json\/wp\/v2\/product\/2117","targetHints":{"allow":["GET"]}}],"collection":[{"href":"https:\/\/inrevel.com\/de\/wp-json\/wp\/v2\/product"}],"about":[{"href":"https:\/\/inrevel.com\/de\/wp-json\/wp\/v2\/types\/product"}],"replies":[{"embeddable":true,"href":"https:\/\/inrevel.com\/de\/wp-json\/wp\/v2\/comments?post=2117"}],"wp:featuredmedia":[{"embeddable":true,"href":"https:\/\/inrevel.com\/de\/wp-json\/wp\/v2\/media\/2120"}],"wp:attachment":[{"href":"https:\/\/inrevel.com\/de\/wp-json\/wp\/v2\/media?parent=2117"}],"wp:term":[{"taxonomy":"product_brand","embeddable":true,"href":"https:\/\/inrevel.com\/de\/wp-json\/wp\/v2\/product_brand?post=2117"},{"taxonomy":"product_cat","embeddable":true,"href":"https:\/\/inrevel.com\/de\/wp-json\/wp\/v2\/product_cat?post=2117"},{"taxonomy":"product_tag","embeddable":true,"href":"https:\/\/inrevel.com\/de\/wp-json\/wp\/v2\/product_tag?post=2117"}],"curies":[{"name":"wp","href":"https:\/\/api.w.org\/{rel}","templated":true}]}}