{"id":1387,"date":"2025-11-23T12:03:18","date_gmt":"2025-11-23T11:03:18","guid":{"rendered":"https:\/\/inrevel.com\/knitted-crew-neck-sweater-digital-art\/"},"modified":"2025-11-23T12:03:58","modified_gmt":"2025-11-23T11:03:58","slug":"knitted-crew-neck-sweater-digital-art","status":"publish","type":"product","link":"https:\/\/inrevel.com\/de\/knitted-crew-neck-sweater-digital-art\/","title":{"rendered":"Knitted crew neck sweater Digital Art"},"content":{"rendered":"<p>This extra-soft knit crew-neck sweater will help you look put-together while feeling warm and comfortable. Pair it with jeans for a relaxed look or dress it up for a more formal setting.<\/p>\n<p>&#8211; 55% cotton, 45% polyester<br \/>\n&#8211; Fabric weight: 13.27 oz.\/yd.\u00b2 (450 g\/m\u00b2)<br \/>\n&#8211; Lightweight, soft-feel fabric<br \/>\n&#8211; Unisex sizing<br \/>\n&#8211; Machine washable<br \/>\n&#8211; Blank product sourced and fulfilled in China<\/p>\n<p>Disclaimers:<\/p>\n<p>&#8211; The sweater may shrink slightly after the first wash.<br \/>\n&#8211; Wash at 30\u201340\u00b0C.<br \/>\n&#8211; The average fulfillment time for this product is 7\u201314 days, with shipping being up to 2 weeks depending on the destination.<\/p>\n<p>Important: This product is available in Australia, Austria, Belgium, Canada, China, Croatia, Czech Republic, Denmark, Estonia, Finland, France, Germany, Hong Kong, Hungary, Iceland, Ireland, Italy, Japan, Latvia, Liechtenstein, Lithuania, Luxembourg, Mexico, the Netherlands, New Zealand, Norway, Poland, Portugal, Singapore, Slovakia, Slovenia, Spain, Sweden, Switzerland, Taiwan, the United Kingdom, and the United States. If your shipping address is outside these regions, please choose a different product.<\/p>\n<p>Dieses Produkt wird speziell f\u00fcr dich hergestellt, sobald du eine Bestellung aufgibst. Daher dauert die Lieferung etwas l\u00e4nger. Die Produktion auf Anfrage statt in Massen hilft, \u00dcberproduktion zu reduzieren \u2013 vielen Dank, dass du dich f\u00fcr einen nachhaltigen Kauf entscheidest!<\/p>","protected":false},"excerpt":{"rendered":"<p>This extra-soft knit crew-neck sweater will help you look put-together while feeling warm and comfortable. Pair it with jeans for a relaxed look or dress it up for a more formal setting. &#8211; 55% cotton, 45% polyester &#8211; Fabric weight: 13.27 oz.\/yd.\u00b2 (450 g\/m\u00b2) &#8211; Lightweight, soft-feel fabric &#8211; Unisex sizing &#8211; Machine washable &#8211; [&hellip;]<\/p>","protected":false},"featured_media":1396,"comment_status":"open","ping_status":"closed","template":"","meta":[],"product_brand":[],"product_cat":[44,46,60,45,52],"product_tag":[],"class_list":{"0":"post-1387","1":"product","2":"type-product","3":"status-publish","4":"has-post-thumbnail","6":"product_cat-collections","7":"product_cat-mens-clothing","8":"product_cat-mens-pullover-hoodies","9":"product_cat-womens-clothing","10":"product_cat-womens-pullover-hoodies","12":"first","13":"instock","14":"shipping-taxable","15":"purchasable","16":"product-type-variable"},"_links":{"self":[{"href":"https:\/\/inrevel.com\/de\/wp-json\/wp\/v2\/product\/1387","targetHints":{"allow":["GET"]}}],"collection":[{"href":"https:\/\/inrevel.com\/de\/wp-json\/wp\/v2\/product"}],"about":[{"href":"https:\/\/inrevel.com\/de\/wp-json\/wp\/v2\/types\/product"}],"replies":[{"embeddable":true,"href":"https:\/\/inrevel.com\/de\/wp-json\/wp\/v2\/comments?post=1387"}],"wp:featuredmedia":[{"embeddable":true,"href":"https:\/\/inrevel.com\/de\/wp-json\/wp\/v2\/media\/1396"}],"wp:attachment":[{"href":"https:\/\/inrevel.com\/de\/wp-json\/wp\/v2\/media?parent=1387"}],"wp:term":[{"taxonomy":"product_brand","embeddable":true,"href":"https:\/\/inrevel.com\/de\/wp-json\/wp\/v2\/product_brand?post=1387"},{"taxonomy":"product_cat","embeddable":true,"href":"https:\/\/inrevel.com\/de\/wp-json\/wp\/v2\/product_cat?post=1387"},{"taxonomy":"product_tag","embeddable":true,"href":"https:\/\/inrevel.com\/de\/wp-json\/wp\/v2\/product_tag?post=1387"}],"curies":[{"name":"wp","href":"https:\/\/api.w.org\/{rel}","templated":true}]}}