{"id":1295,"date":"2025-09-28T18:15:10","date_gmt":"2025-09-28T16:15:10","guid":{"rendered":"https:\/\/inrevel.com\/oversized-faded-t-shirt-virtual-route-light\/"},"modified":"2025-09-28T18:15:34","modified_gmt":"2025-09-28T16:15:34","slug":"oversized-faded-t-shirt-virtual-route-light","status":"publish","type":"product","link":"https:\/\/inrevel.com\/de\/oversized-faded-t-shirt-virtual-route-light\/","title":{"rendered":"Oversized faded t-shirt Virtual Route (Light)"},"content":{"rendered":"<p>Embrace the versatility of the Oversized faded t-shirt, designed for those who appreciate the art of layering and creating unique outfits that effortlessly fuse modern trends with a hint of nostalgia. Its loose fit allows you to play with textures and proportions, giving you the freedom to express your personality through your style.<\/p>\n<p>\u2022 100% carded cotton<br \/>\n\u2022 Fabric weight: 7.1 oz. \/yd. \u00b2 (240 g\/m\u00b2)<br \/>\n\u2022 Garment-dyed, pre-shrunk fabric<br \/>\n\u2022 Boxy, oversized fit<br \/>\n\u2022 Dropped shoulders<br \/>\n\u2022 Wide neck ribbing<br \/>\n\u2022 Tear-away label<br \/>\n\u2022 Blank product sourced from China<\/p>\n<p>Dieses Produkt wird speziell f\u00fcr dich hergestellt, sobald du eine Bestellung aufgibst. Daher dauert die Lieferung etwas l\u00e4nger. Die Produktion auf Anfrage statt in Massen hilft, \u00dcberproduktion zu reduzieren \u2013 vielen Dank, dass du dich f\u00fcr einen nachhaltigen Kauf entscheidest!<\/p>","protected":false},"excerpt":{"rendered":"<p>Embrace the versatility of the Oversized faded t-shirt, designed for those who appreciate the art of layering and creating unique outfits that effortlessly fuse modern trends with a hint of nostalgia. Its loose fit allows you to play with textures and proportions, giving you the freedom to express your personality through your style. \u2022 100% [&hellip;]<\/p>","protected":false},"featured_media":1304,"comment_status":"open","ping_status":"closed","template":"","meta":[],"product_brand":[],"product_cat":[46,70,55,45,125,47],"product_tag":[],"class_list":{"0":"post-1295","1":"product","2":"type-product","3":"status-publish","4":"has-post-thumbnail","6":"product_cat-mens-clothing","7":"product_cat-mens-oversized-t-shirts","8":"product_cat-mens-t-shirts","9":"product_cat-womens-clothing","10":"product_cat-womens-oversized-t-shirts","11":"product_cat-womens-t-shirts","13":"first","14":"instock","15":"shipping-taxable","16":"purchasable","17":"product-type-variable"},"_links":{"self":[{"href":"https:\/\/inrevel.com\/de\/wp-json\/wp\/v2\/product\/1295","targetHints":{"allow":["GET"]}}],"collection":[{"href":"https:\/\/inrevel.com\/de\/wp-json\/wp\/v2\/product"}],"about":[{"href":"https:\/\/inrevel.com\/de\/wp-json\/wp\/v2\/types\/product"}],"replies":[{"embeddable":true,"href":"https:\/\/inrevel.com\/de\/wp-json\/wp\/v2\/comments?post=1295"}],"wp:featuredmedia":[{"embeddable":true,"href":"https:\/\/inrevel.com\/de\/wp-json\/wp\/v2\/media\/1304"}],"wp:attachment":[{"href":"https:\/\/inrevel.com\/de\/wp-json\/wp\/v2\/media?parent=1295"}],"wp:term":[{"taxonomy":"product_brand","embeddable":true,"href":"https:\/\/inrevel.com\/de\/wp-json\/wp\/v2\/product_brand?post=1295"},{"taxonomy":"product_cat","embeddable":true,"href":"https:\/\/inrevel.com\/de\/wp-json\/wp\/v2\/product_cat?post=1295"},{"taxonomy":"product_tag","embeddable":true,"href":"https:\/\/inrevel.com\/de\/wp-json\/wp\/v2\/product_tag?post=1295"}],"curies":[{"name":"wp","href":"https:\/\/api.w.org\/{rel}","templated":true}]}}