{"id":1234,"date":"2025-09-28T17:39:19","date_gmt":"2025-09-28T15:39:19","guid":{"rendered":"https:\/\/inrevel.com\/unisex-hoodie-space-car\/"},"modified":"2025-09-28T17:40:04","modified_gmt":"2025-09-28T15:40:04","slug":"unisex-hoodie-space-car","status":"publish","type":"product","link":"https:\/\/inrevel.com\/de\/unisex-hoodie-space-car\/","title":{"rendered":"Unisex Hoodie Space Car"},"content":{"rendered":"<p>Who knew that the softest hoodie you&#8217;ll ever own comes with such a cool design. You won&#8217;t regret buying this classic streetwear piece of apparel with a convenient pouch pocket and warm hood for chilly evenings.<\/p>\n<p>\u2022 100% cotton face<br \/>\n\u2022 65% ring-spun cotton, 35% polyester<br \/>\n\u2022 Front pouch pocket<br \/>\n\u2022 Self-fabric patch on the back<br \/>\n\u2022 Matching flat drawstrings<br \/>\n\u2022 3-panel hood<br \/>\n\u2022 Blank product sourced from Pakistan<\/p>\n<p>Disclaimer: This hoodie runs small. For the perfect fit, we recommend ordering one size larger than your usual size.<\/p>\n<p>Dieses Produkt wird speziell f\u00fcr dich hergestellt, sobald du eine Bestellung aufgibst. Daher dauert die Lieferung etwas l\u00e4nger. Die Produktion auf Anfrage statt in Massen hilft, \u00dcberproduktion zu reduzieren \u2013 vielen Dank, dass du dich f\u00fcr einen nachhaltigen Kauf entscheidest!<\/p>\n<p>\u2022 Traceability:<br \/>\n&#8211; Weaving\u2014Pakistan<br \/>\n&#8211; Dyeing\u2014Pakistan<br \/>\n&#8211; Manufacturing\u2014Pakistan<br \/>\n\u2022 Contains 0% recycled polyester<br \/>\n\u2022 Contains 0% dangerous substances<\/p>","protected":false},"excerpt":{"rendered":"<p>Who knew that the softest hoodie you&#8217;ll ever own comes with such a cool design. You won&#8217;t regret buying this classic streetwear piece of apparel with a convenient pouch pocket and warm hood for chilly evenings. \u2022 100% cotton face \u2022 65% ring-spun cotton, 35% polyester \u2022 Front pouch pocket \u2022 Self-fabric patch on the [&hellip;]<\/p>","protected":false},"featured_media":1255,"comment_status":"open","ping_status":"closed","template":"","meta":[],"product_brand":[],"product_cat":[46,60,45,52],"product_tag":[],"class_list":{"0":"post-1234","1":"product","2":"type-product","3":"status-publish","4":"has-post-thumbnail","6":"product_cat-mens-clothing","7":"product_cat-mens-pullover-hoodies","8":"product_cat-womens-clothing","9":"product_cat-womens-pullover-hoodies","11":"first","12":"instock","13":"shipping-taxable","14":"purchasable","15":"product-type-variable"},"_links":{"self":[{"href":"https:\/\/inrevel.com\/de\/wp-json\/wp\/v2\/product\/1234","targetHints":{"allow":["GET"]}}],"collection":[{"href":"https:\/\/inrevel.com\/de\/wp-json\/wp\/v2\/product"}],"about":[{"href":"https:\/\/inrevel.com\/de\/wp-json\/wp\/v2\/types\/product"}],"replies":[{"embeddable":true,"href":"https:\/\/inrevel.com\/de\/wp-json\/wp\/v2\/comments?post=1234"}],"wp:featuredmedia":[{"embeddable":true,"href":"https:\/\/inrevel.com\/de\/wp-json\/wp\/v2\/media\/1255"}],"wp:attachment":[{"href":"https:\/\/inrevel.com\/de\/wp-json\/wp\/v2\/media?parent=1234"}],"wp:term":[{"taxonomy":"product_brand","embeddable":true,"href":"https:\/\/inrevel.com\/de\/wp-json\/wp\/v2\/product_brand?post=1234"},{"taxonomy":"product_cat","embeddable":true,"href":"https:\/\/inrevel.com\/de\/wp-json\/wp\/v2\/product_cat?post=1234"},{"taxonomy":"product_tag","embeddable":true,"href":"https:\/\/inrevel.com\/de\/wp-json\/wp\/v2\/product_tag?post=1234"}],"curies":[{"name":"wp","href":"https:\/\/api.w.org\/{rel}","templated":true}]}}