{"id":1201,"date":"2025-09-28T17:22:32","date_gmt":"2025-09-28T15:22:32","guid":{"rendered":"https:\/\/inrevel.com\/unisex-sweatshirt-virtual-route\/"},"modified":"2025-09-28T17:23:08","modified_gmt":"2025-09-28T15:23:08","slug":"unisex-sweatshirt-virtual-route","status":"publish","type":"product","link":"https:\/\/inrevel.com\/de\/unisex-sweatshirt-virtual-route\/","title":{"rendered":"Unisex Sweatshirt Virtual Route"},"content":{"rendered":"<p>A sturdy and warm sweatshirt bound to keep you warm in the colder months. A pre-shrunk, classic fit sweater that\u2019s made with air-jet spun yarn for a soft feel.<\/p>\n<p>\u2022 50% cotton, 50% polyester<br \/>\n\u2022 Pre-shrunk<br \/>\n\u2022 Classic fit<br \/>\n\u2022 1&#215;1 athletic rib knit collar with spandex<br \/>\n\u2022 Air-jet spun yarn with a soft feel<br \/>\n\u2022 Double-needle stitched collar, shoulders, armholes, cuffs, and hem<\/p>\n<p>Disclaimers: <br \/>\n\u2022 Due to the fabric properties, the White color variant may appear off-white rather than bright white.<br \/>\n\u2022 Subtle orange hue shifts with lighting in the Orange color variant.<\/p>\n<p>Dieses Produkt wird speziell f\u00fcr dich hergestellt, sobald du eine Bestellung aufgibst. Daher dauert die Lieferung etwas l\u00e4nger. Die Produktion auf Anfrage statt in Massen hilft, \u00dcberproduktion zu reduzieren \u2013 vielen Dank, dass du dich f\u00fcr einen nachhaltigen Kauf entscheidest!<\/p>\n<p>\u2022  Traceability:<br \/>\n&#8211; Knitting\u2014Honduras, Bangladesh<br \/>\n&#8211; Dyeing\u2014Honduras, Bangladesh<br \/>\n&#8211; Manufacturing\u2014Nicaragua, Honduras, Bangladesh, or El Salvador<br \/>\n\u2022  Contains 0% recycled polyester<br \/>\n\u2022  Contains 0% dangerous substances<br \/>\n\u2022  This item releases plastic microfibers into the environment during washing<\/p>","protected":false},"excerpt":{"rendered":"<p>A sturdy and warm sweatshirt bound to keep you warm in the colder months. A pre-shrunk, classic fit sweater that\u2019s made with air-jet spun yarn for a soft feel. \u2022 50% cotton, 50% polyester \u2022 Pre-shrunk \u2022 Classic fit \u2022 1&#215;1 athletic rib knit collar with spandex \u2022 Air-jet spun yarn with a soft feel [&hellip;]<\/p>","protected":false},"featured_media":1220,"comment_status":"open","ping_status":"closed","template":"","meta":[],"product_brand":[],"product_cat":[46,59,45,51],"product_tag":[],"class_list":{"0":"post-1201","1":"product","2":"type-product","3":"status-publish","4":"has-post-thumbnail","6":"product_cat-mens-clothing","7":"product_cat-mens-sweatshirts","8":"product_cat-womens-clothing","9":"product_cat-womens-sweatshirts","11":"first","12":"instock","13":"shipping-taxable","14":"purchasable","15":"product-type-variable"},"_links":{"self":[{"href":"https:\/\/inrevel.com\/de\/wp-json\/wp\/v2\/product\/1201","targetHints":{"allow":["GET"]}}],"collection":[{"href":"https:\/\/inrevel.com\/de\/wp-json\/wp\/v2\/product"}],"about":[{"href":"https:\/\/inrevel.com\/de\/wp-json\/wp\/v2\/types\/product"}],"replies":[{"embeddable":true,"href":"https:\/\/inrevel.com\/de\/wp-json\/wp\/v2\/comments?post=1201"}],"wp:featuredmedia":[{"embeddable":true,"href":"https:\/\/inrevel.com\/de\/wp-json\/wp\/v2\/media\/1220"}],"wp:attachment":[{"href":"https:\/\/inrevel.com\/de\/wp-json\/wp\/v2\/media?parent=1201"}],"wp:term":[{"taxonomy":"product_brand","embeddable":true,"href":"https:\/\/inrevel.com\/de\/wp-json\/wp\/v2\/product_brand?post=1201"},{"taxonomy":"product_cat","embeddable":true,"href":"https:\/\/inrevel.com\/de\/wp-json\/wp\/v2\/product_cat?post=1201"},{"taxonomy":"product_tag","embeddable":true,"href":"https:\/\/inrevel.com\/de\/wp-json\/wp\/v2\/product_tag?post=1201"}],"curies":[{"name":"wp","href":"https:\/\/api.w.org\/{rel}","templated":true}]}}