{"id":433,"date":"2025-09-07T16:02:22","date_gmt":"2025-09-07T14:02:22","guid":{"rendered":"https:\/\/inrevel.com\/?page_id=433"},"modified":"2025-09-07T16:43:18","modified_gmt":"2025-09-07T14:43:18","slug":"sitemap","status":"publish","type":"page","link":"https:\/\/inrevel.com\/de\/sitemap\/","title":{"rendered":"Sitemap"},"content":{"rendered":"<div id=\"html_sitemap\" class=\"single-column\"><div class='sitemap-column sitemap-columns-1 sitemap-posttypes'><div class='html-sitemap-column'><h2>Beitr\u00e4ge<\/h2><ul><li class='post_item post-item-456'><a href='https:\/\/inrevel.com\/de\/how-to-choose-the-right-t-shirt-size\/'>Wie man die richtige T-Shirt-Gr\u00f6\u00dfe w\u00e4hlt.<\/a><\/li><li class='post_item post-item-460'><a href='https:\/\/inrevel.com\/de\/how-to-choose-right-size-womens-tshirt-guide\/'>Wie man die richtige Gr\u00f6\u00dfe f\u00fcr ein Damen-T-Shirt w\u00e4hlt<\/a><\/li><li class='post_item post-item-463'><a href='https:\/\/inrevel.com\/de\/how-to-choose-mens-t-shirt-size\/'>Wie man die richtige Herren-T-Shirt-Gr\u00f6\u00dfe w\u00e4hlt<\/a><\/li><li class='post_item post-item-466'><a href='https:\/\/inrevel.com\/de\/how-the-t-shirt-was-invented\/'>Wie das T-Shirt erfunden wurde<\/a><\/li><li class='post_item post-item-477'><a href='https:\/\/inrevel.com\/de\/t-shirts-top-10-facts-about\/'>Top 10 interessantesten Fakten \u00fcber T-Shirts<\/a><\/li><li class='post_item post-item-480'><a href='https:\/\/inrevel.com\/de\/t-shirt-records\/'>T-Shirt-Rekorde<\/a><\/li><li class='post_item post-item-483'><a href='https:\/\/inrevel.com\/de\/strangest-t-shirt-materials-ever\/'>Die seltsamsten T-Shirt-Materialien aller Zeiten<\/a><\/li><li class='post_item post-item-486'><a href='https:\/\/inrevel.com\/de\/how-long-should-a-mans-t-shirt-be\/'>Wie lang sollte ein Herren-T-Shirt sein<\/a><\/li><li class='post_item post-item-489'><a href='https:\/\/inrevel.com\/de\/how-long-should-a-womans-t-shirt-be\/'>Wie lang sollte ein Damen-T-Shirt sein<\/a><\/li><li class='post_item post-item-492'><a href='https:\/\/inrevel.com\/de\/how-should-a-mens-t-shirt-fit\/'>Wie sollte ein Herren-T-Shirt sitzen<\/a><\/li><li class='post_item post-item-495'><a href='https:\/\/inrevel.com\/de\/how-should-a-womans-t-shirt-fit\/'>Wie sollte ein Damen-T-Shirt sitzen<\/a><\/li><li class='post_item post-item-498'><a href='https:\/\/inrevel.com\/de\/mens-t-shirt-size-chart\/'>Herrengr\u00f6\u00dfentabelle f\u00fcr T-Shirts<\/a><\/li><li class='post_item post-item-501'><a href='https:\/\/inrevel.com\/de\/womens-t-shirt-size-chart\/'>Damengr\u00f6\u00dfentabelle f\u00fcr T-Shirts<\/a><\/li><li class='post_item post-item-504'><a href='https:\/\/inrevel.com\/de\/what-size-is-a-medium-t-shirt\/'>Welche Gr\u00f6\u00dfe hat ein Medium T-Shirt<\/a><\/li><li class='post_item post-item-507'><a href='https:\/\/inrevel.com\/de\/what-size-is-a-small-t-shirt\/'>Welche Gr\u00f6\u00dfe hat ein Small T-Shirt<\/a><\/li><li class='post_item post-item-510'><a href='https:\/\/inrevel.com\/de\/what-size-is-a-large-t-shirt\/'>Welche Gr\u00f6\u00dfe hat ein Large T-Shirt<\/a><\/li><li class='post_item post-item-513'><a href='https:\/\/inrevel.com\/de\/what-size-is-an-extra-large-t-shirt\/'>Welche Gr\u00f6\u00dfe hat ein Extra-Large T-Shirt<\/a><\/li><li class='post_item post-item-1198'><a href='https:\/\/inrevel.com\/de\/how-to-choose-the-right-hoodie-size\/'>Wie man die richtige Hoodie-Gr\u00f6\u00dfe w\u00e4hlt \u2013 ein vollst\u00e4ndiger Leitfaden<\/a><\/li><li class='post_item post-item-1413'><a href='https:\/\/inrevel.com\/de\/how-to-choose-the-right-size-for-a-womens-hoodie\/'>Wie man die richtige Gr\u00f6\u00dfe f\u00fcr einen Damen-Hoodie w\u00e4hlt<\/a><\/li><\/ul><\/div><\/div><div class='sitemap-column sitemap-columns-1 sitemap-posttypes'><div class='html-sitemap-column'><h2>Seiten<\/h2><ul><li class=\"page_item page-item-9\"><a href=\"https:\/\/inrevel.com\/de\/basket\/\">Basket<\/a><\/li>\n<li class=\"page_item page-item-79 current_page_parent\"><a href=\"https:\/\/inrevel.com\/de\/fashion-blog\/\">Blog<\/a><\/li>\n<li class=\"page_item page-item-10\"><a href=\"https:\/\/inrevel.com\/de\/checkout\/\">Checkout<\/a><\/li>\n<li class=\"page_item page-item-431\"><a href=\"https:\/\/inrevel.com\/de\/delivery\/\">Delivery<\/a><\/li>\n<li class=\"page_item page-item-415\"><a href=\"https:\/\/inrevel.com\/de\/\">Home<\/a><\/li>\n<li class=\"page_item page-item-11\"><a href=\"https:\/\/inrevel.com\/de\/my-account\/\">My account<\/a><\/li>\n<li class=\"page_item page-item-3\"><a href=\"https:\/\/inrevel.com\/de\/privacy-policy\/\">Datenschutz<\/a><\/li>\n<li class=\"page_item page-item-8\"><a href=\"https:\/\/inrevel.com\/de\/shop\/\">Shop<\/a><\/li>\n<li class=\"page_item page-item-433\"><a href=\"https:\/\/inrevel.com\/de\/sitemap\/\">Sitemap<\/a><\/li>\n<li class=\"page_item page-item-428\"><a href=\"https:\/\/inrevel.com\/de\/the-brand\/\">The Brand<\/a><\/li>\n<li class=\"page_item page-item-420\"><a href=\"https:\/\/inrevel.com\/de\/wishlist\/\">Wishlist<\/a><\/li>\n<\/ul><\/div><\/div><div class='sitemap-column sitemap-columns-1 sitemap-posttypes'><div class='html-sitemap-column'><h2>Produkte<\/h2><ul><li class='product_item product-item-518'><a href='https:\/\/inrevel.com\/de\/backpack-cyberpunk\/'>Rucksack Cyberpunk Car<\/a><\/li><li class='product_item product-item-530'><a href='https:\/\/inrevel.com\/de\/backpack-cyberpunk-enjoying-life\/'>Rucksack Cyberpunk Enjoying Life<\/a><\/li><li class='product_item product-item-540'><a href='https:\/\/inrevel.com\/de\/backpack-cyberpunk-futuristic-city\/'>Rucksack Cyberpunk Futuristic City<\/a><\/li><li class='product_item product-item-590'><a href='https:\/\/inrevel.com\/de\/fanny-pack-cyberpunk\/'>Bauchtasche Cyberpunk<\/a><\/li><li class='product_item product-item-675'><a href='https:\/\/inrevel.com\/de\/unisex-t-shirt-cyberpunk-futuristic-city\/'>Unisex T-Shirt Cyberpunk Futuristic City<\/a><\/li><li class='product_item product-item-744'><a href='https:\/\/inrevel.com\/de\/fanny-pack-cyberpunk-neon-lights\/'>Bauchtasche Cyberpunk Neon Lights<\/a><\/li><li class='product_item product-item-758'><a href='https:\/\/inrevel.com\/de\/fanny-pack-cyberpunk-futuristic-city\/'>Bauchtasche Cyberpunk Futuristic City<\/a><\/li><li class='product_item product-item-772'><a href='https:\/\/inrevel.com\/de\/snapback-hat-cyberpunk-inrevel\/'>Snapback-Cap Cyberpunk Inrevel<\/a><\/li><li class='product_item product-item-803'><a href='https:\/\/inrevel.com\/de\/unisex-sweatshirt-escaping-the-reality-light\/'>Unisex Sweatshirt Escaping The Reality (Light)<\/a><\/li><li class='product_item product-item-849'><a href='https:\/\/inrevel.com\/de\/unisex-sweatshirt-escaping-the-reality-dark\/'>Unisex Sweatshirt Escaping The Reality (Dark)<\/a><\/li><li class='product_item product-item-935'><a href='https:\/\/inrevel.com\/de\/unisex-hoodie-escaping-the-reality-light\/'>Unisex Hoodie Escaping The Reality (Light)<\/a><\/li><li class='product_item product-item-976'><a href='https:\/\/inrevel.com\/de\/unisex-hoodie-escaping-the-reality-dark\/'>Unisex Hoodie Escaping The Reality (Dark)<\/a><\/li><li class='product_item product-item-1007'><a href='https:\/\/inrevel.com\/de\/unisex-t-shirt-cyberpunk-car\/'>Unisex t-shirt Cyberpunk Car<\/a><\/li><li class='product_item product-item-1078'><a href='https:\/\/inrevel.com\/de\/oversized-faded-t-shirt-enjoying-life\/'>Oversized faded t-shirt Enjoying Life<\/a><\/li><li class='product_item product-item-1107'><a href='https:\/\/inrevel.com\/de\/unisex-hoodie-enjoying-life\/'>Unisex Hoodie Enjoying Life<\/a><\/li><li class='product_item product-item-1178'><a href='https:\/\/inrevel.com\/de\/trucker-cap-enjoying-life\/'>Trucker Cap Enjoying Life<\/a><\/li><li class='product_item product-item-1201'><a href='https:\/\/inrevel.com\/de\/unisex-sweatshirt-virtual-route\/'>Unisex Sweatshirt Virtual Route<\/a><\/li><li class='product_item product-item-1234'><a href='https:\/\/inrevel.com\/de\/unisex-hoodie-space-car\/'>Unisex Hoodie Space Car<\/a><\/li><li class='product_item product-item-1276'><a href='https:\/\/inrevel.com\/de\/oversized-faded-t-shirt-virtual-route-dark\/'>Oversized faded t-shirt Virtual Route (Dark)<\/a><\/li><li class='product_item product-item-1295'><a href='https:\/\/inrevel.com\/de\/oversized-faded-t-shirt-virtual-route-light\/'>Oversized faded t-shirt Virtual Route (Light)<\/a><\/li><li class='product_item product-item-1314'><a href='https:\/\/inrevel.com\/de\/unisex-long-sleeve-tee-enjoying-life-light\/'>Unisex Long Sleeve Tee Enjoying Life (Light)<\/a><\/li><li class='product_item product-item-1334'><a href='https:\/\/inrevel.com\/de\/unisex-long-sleeve-tee-enjoying-life-dark\/'>Unisex Long Sleeve Tee Enjoying Life (Dark)<\/a><\/li><li class='product_item product-item-1387'><a href='https:\/\/inrevel.com\/de\/knitted-crew-neck-sweater-digital-art\/'>Knitted crew neck sweater Digital Art<\/a><\/li><li class='product_item product-item-1418'><a href='https:\/\/inrevel.com\/de\/backpack-virtual-reality\/'>Backpack Virtual Reality<\/a><\/li><li class='product_item product-item-1428'><a href='https:\/\/inrevel.com\/de\/backpack-digital-art\/'>Backpack Digital Art<\/a><\/li><li class='product_item product-item-1437'><a href='https:\/\/inrevel.com\/de\/backpack-awakeness\/'>Backpack Awakeness<\/a><\/li><li class='product_item product-item-1446'><a href='https:\/\/inrevel.com\/de\/fanny-pack-virtual-reality\/'>Fanny Pack Virtual Reality<\/a><\/li><li class='product_item product-item-1460'><a href='https:\/\/inrevel.com\/de\/oversized-faded-t-shirt-awakeness-in-the-dark\/'>Oversized faded t-shirt Awakeness In The Dark<\/a><\/li><li class='product_item product-item-1509'><a href='https:\/\/inrevel.com\/de\/unisex-hoodie-virtual-art\/'>Unisex Hoodie Virtual Art<\/a><\/li><li class='product_item product-item-1560'><a href='https:\/\/inrevel.com\/de\/unisex-sweatshirt-awakeness-in-the-dark-light\/'>Unisex Sweatshirt Awakeness In The Dark (Light)<\/a><\/li><li class='product_item product-item-1605'><a href='https:\/\/inrevel.com\/de\/unisex-sweatshirt-awakeness-in-the-dark-dark\/'>Unisex Sweatshirt Awakeness In The Dark (Dark)<\/a><\/li><li class='product_item product-item-1677'><a href='https:\/\/inrevel.com\/de\/backpack-warning-2\/'>Backpack Warning!<\/a><\/li><li class='product_item product-item-1687'><a href='https:\/\/inrevel.com\/de\/backpack-reloading-r\/'>Backpack Reloading R<\/a><\/li><li class='product_item product-item-1697'><a href='https:\/\/inrevel.com\/de\/unisex-t-shirt-glitched-but-functional-dark\/'>Unisex t-shirt Glitched But Functional (Dark)<\/a><\/li><li class='product_item product-item-1822'><a href='https:\/\/inrevel.com\/de\/unisex-t-shirt-glitched-but-functional-light\/'>Unisex t-shirt Glitched But Functional (Light)<\/a><\/li><li class='product_item product-item-1890'><a href='https:\/\/inrevel.com\/de\/unisex-long-sleeve-tee-reloading-light\/'>Unisex Long Sleeve Tee Reloading (Light)<\/a><\/li><li class='product_item product-item-1910'><a href='https:\/\/inrevel.com\/de\/unisex-long-sleeve-tee-reloading-dark\/'>Unisex Long Sleeve Tee Reloading (Dark)<\/a><\/li><li class='product_item product-item-1966'><a href='https:\/\/inrevel.com\/de\/unisex-sweatshirt-warning-dark\/'>Unisex Sweatshirt Warning (Dark)<\/a><\/li><li class='product_item product-item-1988'><a href='https:\/\/inrevel.com\/de\/unisex-hoodie-warning\/'>Unisex Hoodie Warning<\/a><\/li><li class='product_item product-item-2038'><a href='https:\/\/inrevel.com\/de\/unisex-sweatshirt-warning-orange\/'>Unisex Sweatshirt Warning (Orange)<\/a><\/li><li class='product_item product-item-2060'><a href='https:\/\/inrevel.com\/de\/unisex-hoodie-warning-light\/'>Unisex Hoodie Warning (Light)<\/a><\/li><li class='product_item product-item-2102'><a href='https:\/\/inrevel.com\/de\/unisex-t-shirt\/'>Unisex t-shirt<\/a><\/li><li class='product_item product-item-2117'><a href='https:\/\/inrevel.com\/de\/unisex-t-shirt-2\/'>Unisex t-shirt<\/a><\/li><li class='product_item product-item-2123'><a href='https:\/\/inrevel.com\/de\/oversized-faded-t-shirt\/'>Oversized faded t-shirt<\/a><\/li><\/ul><\/div><\/div><div class='sitemap-column sitemap-columns-1 sitemap-posttypes'><div class='html-sitemap-column'><h2>Kategorien<\/h2><ul><li class='_item -item-76'><a href='https:\/\/inrevel.com\/de\/fashion-history\/'>Fashion History<\/a><\/li><li class='_item -item-126'><a href='https:\/\/inrevel.com\/de\/hoodies\/'>Hoodies<\/a><\/li><li class='_item -item-71'><a href='https:\/\/inrevel.com\/de\/how-to-choose\/'>How To Choose<\/a><\/li><li class='_item -item-78'><a href='https:\/\/inrevel.com\/de\/materials\/'>Materials<\/a><\/li><li class='_item -item-75'><a href='https:\/\/inrevel.com\/de\/men\/'>Herren<\/a><\/li><li class='_item -item-63'><a href='https:\/\/inrevel.com\/de\/t-shirts\/'>T-Shirts<\/a><\/li><li class='_item -item-74'><a href='https:\/\/inrevel.com\/de\/women\/'>Damen<\/a><\/li><\/ul><\/div><\/div><div class='sitemap-column sitemap-columns-1 sitemap-posttypes'><div class='html-sitemap-column'><h2>Schlagw\u00f6rter<\/h2><ul><li class='_item -item-84'><a href='https:\/\/inrevel.com\/de\/tag\/extra-large-size\/'>Extra-Large Size<\/a><\/li><li class='_item -item-80'><a href='https:\/\/inrevel.com\/de\/tag\/fit\/'>Fit<\/a><\/li><li class='_item -item-73'><a href='https:\/\/inrevel.com\/de\/tag\/guide\/'>Guide<\/a><\/li><li class='_item -item-77'><a href='https:\/\/inrevel.com\/de\/tag\/interesting\/'>Interesting<\/a><\/li><li class='_item -item-83'><a href='https:\/\/inrevel.com\/de\/tag\/large-size\/'>Large Size<\/a><\/li><li class='_item -item-79'><a href='https:\/\/inrevel.com\/de\/tag\/length\/'>L\u00e4nge<\/a><\/li><li class='_item -item-81'><a href='https:\/\/inrevel.com\/de\/tag\/medium-size\/'>Medium Size<\/a><\/li><li class='_item -item-72'><a href='https:\/\/inrevel.com\/de\/tag\/size\/'>Gr\u00f6\u00dfe<\/a><\/li><li class='_item -item-82'><a href='https:\/\/inrevel.com\/de\/tag\/small-size\/'>Small Size<\/a><\/li><\/ul><\/div><\/div><div class='sitemap-column sitemap-columns-1 sitemap-posttypes'><div class='html-sitemap-column'><h2>Produkt-Kategorien<\/h2><ul><li class='_item -item-44'><a href='https:\/\/inrevel.com\/de\/collections\/'>Kollektionen<\/a><\/li><li class='_item -item-62'><a href='https:\/\/inrevel.com\/de\/mens-accecories\/'>Men&#8217;s Accecories<\/a><\/li><li class='_item -item-86'><a href='https:\/\/inrevel.com\/de\/mens-backpacks\/'>Men&#8217;s Backpacks<\/a><\/li><li class='_item -item-85'><a href='https:\/\/inrevel.com\/de\/mens-bags\/'>Men&#8217;s Bags<\/a><\/li><li class='_item -item-94'><a href='https:\/\/inrevel.com\/de\/mens-classic-t-shirts\/'>Men&#8217;s Classic T-Shirts<\/a><\/li><li class='_item -item-46'><a href='https:\/\/inrevel.com\/de\/mens-clothing\/'>Men&#8217;s Clothing<\/a><\/li><li class='_item -item-89'><a href='https:\/\/inrevel.com\/de\/mens-fanny-packs\/'>Men&#8217;s Fanny Packs<\/a><\/li><li class='_item -item-111'><a href='https:\/\/inrevel.com\/de\/mens-hats\/'>Men&#8217;s Hats<\/a><\/li><li class='_item -item-58'><a href='https:\/\/inrevel.com\/de\/mens-long-sleeve-t-shirts\/'>Men&#8217;s Long Sleeve T-Shirts<\/a><\/li><li class='_item -item-70'><a href='https:\/\/inrevel.com\/de\/mens-oversized-t-shirts\/'>Men&#8217;s Oversized T-Shirts<\/a><\/li><li class='_item -item-60'><a href='https:\/\/inrevel.com\/de\/mens-pullover-hoodies\/'>Men&#8217;s Pullover Hoodies<\/a><\/li><li class='_item -item-112'><a href='https:\/\/inrevel.com\/de\/mens-snapbacks\/'>Men&#8217;s Snapbacks<\/a><\/li><li class='_item -item-59'><a href='https:\/\/inrevel.com\/de\/mens-sweatshirts\/'>Men&#8217;s Sweatshirts<\/a><\/li><li class='_item -item-55'><a href='https:\/\/inrevel.com\/de\/mens-t-shirts\/'>Men&#8217;s T-Shirts<\/a><\/li><li class='_item -item-124'><a href='https:\/\/inrevel.com\/de\/mens-trucker-caps\/'>Men&#8217;s Trucker Caps<\/a><\/li><li class='_item -item-88'><a href='https:\/\/inrevel.com\/de\/womens-backpacks\/'>Women&#8217;s Backpacks<\/a><\/li><li class='_item -item-87'><a href='https:\/\/inrevel.com\/de\/womens-bags\/'>Women&#8217;s Bags<\/a><\/li><li class='_item -item-93'><a href='https:\/\/inrevel.com\/de\/womens-classic-t-shirts\/'>Women&#8217;s Classic T-Shirts<\/a><\/li><li class='_item -item-45'><a href='https:\/\/inrevel.com\/de\/womens-clothing\/'>Women&#8217;s Clothing<\/a><\/li><li class='_item -item-90'><a href='https:\/\/inrevel.com\/de\/womens-fanny-packs\/'>Women&#8217;s Fanny Packs<\/a><\/li><li class='_item -item-113'><a href='https:\/\/inrevel.com\/de\/womens-hats\/'>Women&#8217;s Hats<\/a><\/li><li class='_item -item-50'><a href='https:\/\/inrevel.com\/de\/womens-long-sleeve-t-shirts\/'>Women&#8217;s Long Sleeve T-shirts<\/a><\/li><li class='_item -item-125'><a href='https:\/\/inrevel.com\/de\/womens-oversized-t-shirts\/'>Women&#8217;s Oversized T-Shirts<\/a><\/li><li class='_item -item-52'><a href='https:\/\/inrevel.com\/de\/womens-pullover-hoodies\/'>Women&#8217;s Pullover Hoodies<\/a><\/li><li class='_item -item-114'><a href='https:\/\/inrevel.com\/de\/womens-snapbacks\/'>Women&#8217;s Snapbacks<\/a><\/li><li class='_item -item-51'><a href='https:\/\/inrevel.com\/de\/womens-sweatshirts\/'>Women&#8217;s Sweatshirts<\/a><\/li><li class='_item -item-47'><a href='https:\/\/inrevel.com\/de\/womens-t-shirts\/'>Women&#8217;s T-shirts<\/a><\/li><li class='_item -item-123'><a href='https:\/\/inrevel.com\/de\/womens-trucker-caps\/'>Women&#8217;s Trucker Caps<\/a><\/li><\/ul><\/div><\/div><\/div>","protected":false},"excerpt":{"rendered":"","protected":false},"author":1,"featured_media":0,"parent":0,"menu_order":0,"comment_status":"closed","ping_status":"closed","template":"","meta":{"footnotes":""},"class_list":["post-433","page","type-page","status-publish","hentry"],"_links":{"self":[{"href":"https:\/\/inrevel.com\/de\/wp-json\/wp\/v2\/pages\/433","targetHints":{"allow":["GET"]}}],"collection":[{"href":"https:\/\/inrevel.com\/de\/wp-json\/wp\/v2\/pages"}],"about":[{"href":"https:\/\/inrevel.com\/de\/wp-json\/wp\/v2\/types\/page"}],"author":[{"embeddable":true,"href":"https:\/\/inrevel.com\/de\/wp-json\/wp\/v2\/users\/1"}],"replies":[{"embeddable":true,"href":"https:\/\/inrevel.com\/de\/wp-json\/wp\/v2\/comments?post=433"}],"version-history":[{"count":3,"href":"https:\/\/inrevel.com\/de\/wp-json\/wp\/v2\/pages\/433\/revisions"}],"predecessor-version":[{"id":436,"href":"https:\/\/inrevel.com\/de\/wp-json\/wp\/v2\/pages\/433\/revisions\/436"}],"wp:attachment":[{"href":"https:\/\/inrevel.com\/de\/wp-json\/wp\/v2\/media?parent=433"}],"curies":[{"name":"wp","href":"https:\/\/api.w.org\/{rel}","templated":true}]}}